{"id":15,"date":"2016-03-04T10:25:01","date_gmt":"2016-03-04T10:25:01","guid":{"rendered":"http:\/\/www.almazararonda.com\/web\/?page_id=15"},"modified":"2024-01-12T13:15:33","modified_gmt":"2024-01-12T12:15:33","slug":"legal","status":"publish","type":"page","link":"https:\/\/www.almazararonda.com\/web\/legal\/","title":{"rendered":"Aviso Legal"},"content":{"rendered":"\n<h2 class=\"wp-block-heading\">Titularidad<\/h2>\n\n\n\n<p>En cumplimiento de la Ley 34\/2002, de 11 de julio, de Servicios de la Sociedad de la Informaci\u00f3n y de Comercio Electr\u00f3nico, SCA ALMAZARA DE RONDA le informa de que es titular del sitio web www.almazararonda.com y www.rondaoliva.com<\/p>\n\n\n\n<p>Atendiendo a la exigencia del art\u00edculo 10 de la citada Ley, SCA ALMAZARA DE RONDA le informa de los siguientes datos:<\/p>\n\n\n\n<p>SCA ALMAZARA DE RONDA<br>Carretera A374 Algodonales-Ronda Km. 33,3<br>Apartado de correos 1050<br>29400 RONDA (M\u00e1laga)<\/p>\n\n\n\n<p>Correo: <a href=\"mailto:info@almazararonda.com\">info@almazararonda.com<\/a><\/p>\n\n\n\n<p>CIF: <strong>F-29014073<\/strong><br>Registro de almazaras: 29\/40238\/022<br>Registro sanitario: 16.14.27\/MA &#8211; (CE ESP 345)<\/p>\n\n\n\n<p>Correo electr\u00f3nico de contacto con la empresa: info@almazararonda.com<\/p>\n\n\n\n<h2 class=\"wp-block-heading\">Cambios en la Web<\/h2>\n\n\n\n<p>SCA ALMAZARA DE RONDA se reserva el derecho a realizar las modificaciones que considere oportunas, sin aviso previo, en el contenido de su p\u00e1gina web, tanto en lo referente a los contenidos documentales, como en las condiciones de uso de la p\u00e1gina. Dichas modificaciones ser\u00e1n de obligado cumplimiento durante el tiempo en que se encuentren publicadas en la web y hasta que no sean modificadas v\u00e1lidamente por otras posteriores.<\/p>\n\n\n\n<h2 class=\"wp-block-heading\">Acciones legales, legislaci\u00f3n aplicable y jurisdici\u00f3n<\/h2>\n\n\n\n<p>SCA ALMAZARA DE RONDA se reserva la facultad de presentar las acciones civiles o penales que considere oportunas por la utilizaci\u00f3n indebida de su p\u00e1gina web y contenidos o por el incumplimiento de las presentes condiciones de uso.<\/p>\n\n\n\n<p>La relaci\u00f3n entre SCA ALMAZARA DE RONDA y el usuario se regir\u00e1 por la normativa espa\u00f1ola vigente y ser\u00e1n competentes para decidir sobre cualquier controversia que se pudiera suscitar entre el usuario y SCA ALMAZARA DE RONDA, los juzgados o tribunales de la ciudad de Ronda.<\/p>\n\n\n\n<div style=\"height:175px\" aria-hidden=\"true\" class=\"wp-block-spacer\"><\/div>\n\n\n\n<h2 class=\"wp-block-heading\" id=\"subvenciones\">Subvenciones Recibidas<\/h2>\n\n\n\n<div style=\"height:56px\" aria-hidden=\"true\" class=\"wp-block-spacer\"><\/div>\n\n\n\n<figure class=\"wp-block-image size-large\"><img loading=\"lazy\" decoding=\"async\" width=\"1024\" height=\"478\" src=\"https:\/\/www.almazararonda.com\/web\/wp-content\/uploads\/2024\/01\/subvencion-1024x478.png\" alt=\"\" class=\"wp-image-1349\" srcset=\"https:\/\/www.almazararonda.com\/web\/wp-content\/uploads\/2024\/01\/subvencion-1024x478.png 1024w, https:\/\/www.almazararonda.com\/web\/wp-content\/uploads\/2024\/01\/subvencion-300x140.png 300w, https:\/\/www.almazararonda.com\/web\/wp-content\/uploads\/2024\/01\/subvencion-768x358.png 768w, https:\/\/www.almazararonda.com\/web\/wp-content\/uploads\/2024\/01\/subvencion-800x373.png 800w, https:\/\/www.almazararonda.com\/web\/wp-content\/uploads\/2024\/01\/subvencion-600x280.png 600w, https:\/\/www.almazararonda.com\/web\/wp-content\/uploads\/2024\/01\/subvencion.png 1254w\" sizes=\"auto, (max-width: 1024px) 100vw, 1024px\" \/><\/figure>\n","protected":false},"excerpt":{"rendered":"<p>Titularidad En cumplimiento de la Ley 34\/2002, de 11 de julio, de Servicios de la Sociedad de la Informaci\u00f3n y de Comercio Electr\u00f3nico, SCA ALMAZARA DE RONDA le informa de que es titular del sitio [&hellip;]<\/p>\n","protected":false},"author":1,"featured_media":0,"parent":0,"menu_order":0,"comment_status":"closed","ping_status":"closed","template":"","meta":{"footnotes":""},"class_list":["post-15","page","type-page","status-publish","hentry","clearfix"],"_links":{"self":[{"href":"https:\/\/www.almazararonda.com\/web\/wp-json\/wp\/v2\/pages\/15","targetHints":{"allow":["GET"]}}],"collection":[{"href":"https:\/\/www.almazararonda.com\/web\/wp-json\/wp\/v2\/pages"}],"about":[{"href":"https:\/\/www.almazararonda.com\/web\/wp-json\/wp\/v2\/types\/page"}],"author":[{"embeddable":true,"href":"https:\/\/www.almazararonda.com\/web\/wp-json\/wp\/v2\/users\/1"}],"replies":[{"embeddable":true,"href":"https:\/\/www.almazararonda.com\/web\/wp-json\/wp\/v2\/comments?post=15"}],"version-history":[{"count":7,"href":"https:\/\/www.almazararonda.com\/web\/wp-json\/wp\/v2\/pages\/15\/revisions"}],"predecessor-version":[{"id":1353,"href":"https:\/\/www.almazararonda.com\/web\/wp-json\/wp\/v2\/pages\/15\/revisions\/1353"}],"wp:attachment":[{"href":"https:\/\/www.almazararonda.com\/web\/wp-json\/wp\/v2\/media?parent=15"}],"curies":[{"name":"wp","href":"https:\/\/api.w.org\/{rel}","templated":true}]}}