{"id":20,"date":"2016-03-04T10:27:58","date_gmt":"2016-03-04T10:27:58","guid":{"rendered":"http:\/\/www.almazararonda.com\/web\/?page_id=20"},"modified":"2019-07-11T13:43:58","modified_gmt":"2019-07-11T11:43:58","slug":"proteccion-de-datos","status":"publish","type":"page","link":"https:\/\/www.almazararonda.com\/web\/proteccion-de-datos\/","title":{"rendered":"Protecci\u00f3n de Datos"},"content":{"rendered":"\n<p>Le informamos de que los datos personales obtenidos mediante el formulario de contacto de esta web, as\u00ed como su direcci\u00f3n de correo electr\u00f3nico, han sido incorporados en un fichero del cual es responsable SCA ALMAZARA DE RONDA, con la finalidad de atender sus consultas y enviarle informaci\u00f3n relacionada con la entidad que pudiera ser de su inter\u00e9s.<\/p>\n\n\n\n<p>SCA ALMAZARA DE RONDA se compromete a usar los datos recogidos mediante este formulario, \u00fanicamente para la finalidad anteriormente mencionada.<\/p>\n\n\n\n<p>El interesado declara tener conocimiento del destino y uso de los datos personales recogidos mediante la lectura de la presente cl\u00e1usula.<\/p>\n\n\n\n<p>El env\u00edo del formulario implica la aceptaci\u00f3n de las cl\u00e1usulas expuestas.<\/p>\n\n\n\n<p>Si desea ejercer los derechos de acceso, rectificaci\u00f3n, cancelaci\u00f3n u oposici\u00f3n en los t\u00e9rminos establecidos en la Ley Org\u00e1nica 15\/1999, puede hacerlo a la siguiente direcci\u00f3n: SCA ALMAZARA DE RONDA. Carretera A-374, Km 33.3 (Apartado de Correos 1015) 29400 RONDA (M\u00e1laga)<\/p>\n","protected":false},"excerpt":{"rendered":"<p>Le informamos de que los datos personales obtenidos mediante el formulario de contacto de esta web, as\u00ed como su direcci\u00f3n de correo electr\u00f3nico, han sido incorporados en un fichero del cual es responsable SCA ALMAZARA [&hellip;]<\/p>\n","protected":false},"author":1,"featured_media":0,"parent":0,"menu_order":0,"comment_status":"closed","ping_status":"closed","template":"","meta":{"footnotes":""},"class_list":["post-20","page","type-page","status-publish","hentry","clearfix"],"_links":{"self":[{"href":"https:\/\/www.almazararonda.com\/web\/wp-json\/wp\/v2\/pages\/20","targetHints":{"allow":["GET"]}}],"collection":[{"href":"https:\/\/www.almazararonda.com\/web\/wp-json\/wp\/v2\/pages"}],"about":[{"href":"https:\/\/www.almazararonda.com\/web\/wp-json\/wp\/v2\/types\/page"}],"author":[{"embeddable":true,"href":"https:\/\/www.almazararonda.com\/web\/wp-json\/wp\/v2\/users\/1"}],"replies":[{"embeddable":true,"href":"https:\/\/www.almazararonda.com\/web\/wp-json\/wp\/v2\/comments?post=20"}],"version-history":[{"count":2,"href":"https:\/\/www.almazararonda.com\/web\/wp-json\/wp\/v2\/pages\/20\/revisions"}],"predecessor-version":[{"id":333,"href":"https:\/\/www.almazararonda.com\/web\/wp-json\/wp\/v2\/pages\/20\/revisions\/333"}],"wp:attachment":[{"href":"https:\/\/www.almazararonda.com\/web\/wp-json\/wp\/v2\/media?parent=20"}],"curies":[{"name":"wp","href":"https:\/\/api.w.org\/{rel}","templated":true}]}}