{"id":22,"date":"2016-03-04T10:30:32","date_gmt":"2016-03-04T10:30:32","guid":{"rendered":"http:\/\/www.almazararonda.com\/web\/?page_id=22"},"modified":"2019-07-11T13:21:43","modified_gmt":"2019-07-11T11:21:43","slug":"historia","status":"publish","type":"page","link":"https:\/\/www.almazararonda.com\/web\/historia\/","title":{"rendered":"Historia"},"content":{"rendered":"\n<p>En el a\u00f1o 1948 la Administraci\u00f3n impulsa la creaci\u00f3n de Cooperativas Agr\u00edcolas en los municipios de Espa\u00f1a. En Ronda siguiendo \u00e9sta iniciativa se forma la \u00abCooperativa Agr\u00edcola Sindical de Ronda\u00bb inscrita en el registro oficial de cooperativas con el N\u00ba 4095 y con sus estatutos aprobados, pero quedando sin actividad.<\/p>\n\n\n\n<p>A\u00f1os mas tarde en el 1954 se cre\u00f3 el Grupo Sindical que a trav\u00e9s del Organismo de Colonizaci\u00f3n consiguen un cr\u00e9dito de la Caja de Ahorros de Ronda, y con \u00e9ste y unos cooperativistas compran un solar en las inmediaciones del Molido Don F\u00e9lix y encargan un proyecto para la creaci\u00f3n de una Almazara. Esta iniciativa no prospera y se queda en suspenso temporalmente.<\/p>\n\n\n\n<div class=\"wp-block-image\"><figure class=\"alignright\"><img loading=\"lazy\" decoding=\"async\" width=\"220\" height=\"150\" src=\"http:\/\/www.almazararonda.com\/web\/wp-content\/uploads\/2016\/03\/historia1.jpg\" alt=\"Historia de Almazara Ronda\" class=\"wp-image-23\"\/><\/figure><\/div>\n\n\n\n<p>En el a\u00f1o 1961 se crea dentro de la ya existente Cooperativa Agr\u00edcola San Isidro una Secci\u00f3n Almazara, la cual alquila el molino de Bocanegra situado en la que hoy se conoce como Calle Montes. Este molino contaba con:<\/p>\n\n\n\n<ul class=\"wp-block-list\"><li>Molino de un rulo para la molturaci\u00f3n.<\/li><li>Dos prensas.<\/li><li>Cuatro trujales de 30.000 Kg. para almacenaje de aceite.<\/li><li>Cuatro bidones de 10.000 Kg. de capacidad de aceite.<\/li><li>Todo era accionado por un solo motor y transmisiones por correa.<\/li><\/ul>\n\n\n\n<p>En el a\u00f1o 1964 la Secci\u00f3n Almazara de la \u00abCooperativa Agr\u00edcola San Isidro\u00bb manifiesta su deseo de tener una identidad propia, para lo cual se integra en aquella cooperativa que se form\u00f3 en el a\u00f1o 48 y que permanec\u00eda sin actividad quedando constituida con el numero de registro de la misma el 4095 y con sus estatutos aprobados.<\/p>\n\n\n\n<p>Ese mismo a\u00f1o le compran al Grupo Sindical los terrenos que adquiri\u00f3 en el 54 y se hacen cargo de la deuda que manten\u00eda este con el realizador del proyecto de la Almazara.<\/p>\n\n\n\n<div class=\"wp-block-image\"><figure class=\"alignright\"><img loading=\"lazy\" decoding=\"async\" width=\"220\" height=\"150\" src=\"http:\/\/www.almazararonda.com\/web\/wp-content\/uploads\/2016\/03\/historia2.jpg\" alt=\"Historia de Almazara Ronda\" class=\"wp-image-24\"\/><\/figure><\/div>\n\n\n\n<p>En el a\u00f1o 1971 se comienza a molturar en las nuevas instalaciones, que contaban con un molino de cuatro rulos y dos prensas.<\/p>\n\n\n\n<p>A partir de aqu\u00ed, la Almazara inicia un proceso de crecimiento y modernizaci\u00f3n constante.<\/p>\n\n\n\n<ul class=\"wp-block-list\"><li>En 1979 se a\u00f1aden dos prensas mas, un cargador autom\u00e1tico y una bomba m\u00faltiple para las 4 prensas.<\/li><li>En 1985 se cambia el molino de rulos por el moderno de martillos y se suprime el sistema se prensas que es sustituido por 1 continuo de tres fases, de PALACIN.<\/li><li>En 1987 se suprime el sistema de tres fases por 2 de dos fases CORNELO con capacidad de 50.000 Kg.\/d\u00eda cada uno y se instalan 5 bidones de 10.000Kg de acero inoxidable en la bodega.<\/li><li>En 1994 si instala una l\u00ednea de limpieza y recepci\u00f3n de aceitunas con capacidad de 25.000 Kg.<\/li><li>En 1997 se sustituye la l\u00ednea de limpieza por dos nuevas de 50.000 Kg. cada una y se instalan tres tolvas de 50.000 Kg. para almacenaje de aceitunas.<\/li><\/ul>\n\n\n\n<p>En el 2001 la Coop. Almazara Ronda S.C.A. ha sufrido una radical transformaci\u00f3n, en su af\u00e1n de mejorar y ofrecer unos aceites v\u00edrgenes de primer\u00edsima calidad.<\/p>\n\n\n\n<p>La nueva ubicaci\u00f3n est\u00e1 m\u00e1s acorde con la nueva dimensi\u00f3n de la Almazara y las necesidades de comunicaci\u00f3n y acceso a la misma.<\/p>\n","protected":false},"excerpt":{"rendered":"<p>En el a\u00f1o 1948 la Administraci\u00f3n impulsa la creaci\u00f3n de Cooperativas Agr\u00edcolas en los municipios de Espa\u00f1a. En Ronda siguiendo \u00e9sta iniciativa se forma la \u00abCooperativa Agr\u00edcola Sindical de Ronda\u00bb inscrita en el registro oficial [&hellip;]<\/p>\n","protected":false},"author":1,"featured_media":40,"parent":0,"menu_order":0,"comment_status":"closed","ping_status":"closed","template":"","meta":{"footnotes":""},"class_list":["post-22","page","type-page","status-publish","has-post-thumbnail","hentry","clearfix"],"_links":{"self":[{"href":"https:\/\/www.almazararonda.com\/web\/wp-json\/wp\/v2\/pages\/22","targetHints":{"allow":["GET"]}}],"collection":[{"href":"https:\/\/www.almazararonda.com\/web\/wp-json\/wp\/v2\/pages"}],"about":[{"href":"https:\/\/www.almazararonda.com\/web\/wp-json\/wp\/v2\/types\/page"}],"author":[{"embeddable":true,"href":"https:\/\/www.almazararonda.com\/web\/wp-json\/wp\/v2\/users\/1"}],"replies":[{"embeddable":true,"href":"https:\/\/www.almazararonda.com\/web\/wp-json\/wp\/v2\/comments?post=22"}],"version-history":[{"count":2,"href":"https:\/\/www.almazararonda.com\/web\/wp-json\/wp\/v2\/pages\/22\/revisions"}],"predecessor-version":[{"id":316,"href":"https:\/\/www.almazararonda.com\/web\/wp-json\/wp\/v2\/pages\/22\/revisions\/316"}],"wp:featuredmedia":[{"embeddable":true,"href":"https:\/\/www.almazararonda.com\/web\/wp-json\/wp\/v2\/media\/40"}],"wp:attachment":[{"href":"https:\/\/www.almazararonda.com\/web\/wp-json\/wp\/v2\/media?parent=22"}],"curies":[{"name":"wp","href":"https:\/\/api.w.org\/{rel}","templated":true}]}}